{"id":137,"date":"2025-10-03T15:56:59","date_gmt":"2025-10-03T15:56:59","guid":{"rendered":"https:\/\/rodavante.com\/faq\/"},"modified":"2025-11-27T12:04:52","modified_gmt":"2025-11-27T12:04:52","slug":"faq","status":"publish","type":"page","link":"https:\/\/rodavante.com\/en\/faq\/","title":{"rendered":"FAQ"},"content":{"rendered":"<p>[et_pb_section fb_built=&#8221;1&#8243; _builder_version=&#8221;4.27.4&#8243; _module_preset=&#8221;default&#8221; background_image=&#8221;https:\/\/rodavante.com\/wp-content\/uploads\/2025\/10\/banner1.jpg&#8221; global_colors_info=&#8221;{}&#8221;][et_pb_row _builder_version=&#8221;4.27.4&#8243; _module_preset=&#8221;default&#8221; global_colors_info=&#8221;{}&#8221;][et_pb_column type=&#8221;4_4&#8243; _builder_version=&#8221;4.27.4&#8243; _module_preset=&#8221;default&#8221; global_colors_info=&#8221;{}&#8221;][\/et_pb_column][\/et_pb_row][\/et_pb_section][et_pb_section fb_built=&#8221;1&#8243; _builder_version=&#8221;4.27.4&#8243; _module_preset=&#8221;default&#8221; global_colors_info=&#8221;{}&#8221;][et_pb_row _builder_version=&#8221;4.27.4&#8243; _module_preset=&#8221;default&#8221; width=&#8221;90%&#8221; global_colors_info=&#8221;{}&#8221;][et_pb_column type=&#8221;4_4&#8243; _builder_version=&#8221;4.27.4&#8243; _module_preset=&#8221;default&#8221; global_colors_info=&#8221;{}&#8221;][et_pb_text _builder_version=&#8221;4.27.4&#8243; _module_preset=&#8221;default&#8221; text_text_color=&#8221;#000000&#8243; link_text_color=&#8221;#000000&#8243; header_2_font=&#8221;&#8211;et_global_heading_font|700||on|||||&#8221; header_2_line_height=&#8221;1.3em&#8221; header_3_font=&#8221;&#8211;et_global_heading_font|700|||||||&#8221; header_3_text_color=&#8221;#000000&#8243; header_3_line_height=&#8221;1.3em&#8221; custom_margin=&#8221;||15px|||&#8221; link_text_color_last_edited=&#8221;off|desktop&#8221; global_colors_info=&#8221;{}&#8221; link_text_color__hover_enabled=&#8221;on|desktop&#8221; link_text_color__hover=&#8221;#F8C418&#8243;]<\/p>\n<h2>Your Questions answered<\/h2>\n<p>[\/et_pb_text][et_pb_divider color=&#8221;#F8C418&#8243; divider_weight=&#8221;4px&#8221; _builder_version=&#8221;4.27.4&#8243; _module_preset=&#8221;default&#8221; width=&#8221;50px&#8221; custom_margin=&#8221;||15px||false|false&#8221; global_colors_info=&#8221;{}&#8221;][\/et_pb_divider][et_pb_text _builder_version=&#8221;4.27.4&#8243; _module_preset=&#8221;default&#8221; global_colors_info=&#8221;{}&#8221;]<\/p>\n<p><span>Here you will be able to find the answers to the doubts more placed by our customers and users in our site.<\/span><\/p>\n<p>[\/et_pb_text][et_pb_accordion open_toggle_text_color=&#8221;#000000&#8243; closed_toggle_text_color=&#8221;#000000&#8243; toggle_icon=&#8221;&#x3b;||divi||400&#8243; icon_color=&#8221;#F8C418&#8243; use_icon_font_size=&#8221;on&#8221; icon_font_size=&#8221;25px&#8221; _builder_version=&#8221;4.27.4&#8243; _module_preset=&#8221;default&#8221; toggle_level=&#8221;h4&#8243; toggle_font=&#8221;&#8211;et_global_heading_font|600|||||||&#8221; toggle_line_height=&#8221;1.3em&#8221; hover_enabled=&#8221;0&#8243; custom_css_toggle=&#8221;margin-bottom:10px;&#8221; border_radii=&#8221;on|5px|5px|5px|5px&#8221; global_colors_info=&#8221;{}&#8221; sticky_enabled=&#8221;0&#8243;][et_pb_accordion_item title=&#8221;Where is the Rodavante branch at the airport located?&#8221; open=&#8221;on&#8221; _builder_version=&#8221;4.27.4&#8243; _module_preset=&#8221;default&#8221; hover_enabled=&#8221;0&#8243; global_colors_info=&#8221;{}&#8221; sticky_enabled=&#8221;0&#8243;]The airport counters are located in the Arrivals Hall, just after baggage reclaim.[\/et_pb_accordion_item][et_pb_accordion_item title=&#8221;What is included in the price?&#8221; _builder_version=&#8221;4.27.4&#8243; _module_preset=&#8221;default&#8221; hover_enabled=&#8221;0&#8243; global_colors_info=&#8221;{}&#8221; open=&#8221;off&#8221; sticky_enabled=&#8221;0&#8243;]A cota\u00e7\u00e3o online, inclui o Valor do aluguer, Seguros Resp. civil, Seguro de Colis\u00e3o -CDW (Sujeito a uma franquia), Taxas e Iva. Outros extras est\u00e3o opcionalmente dispon\u00edveis online.[\/et_pb_accordion_item][et_pb_accordion_item title=&#8221;How far in advance should I make my booking?&#8221; _builder_version=&#8221;4.27.4&#8243; _module_preset=&#8221;default&#8221; hover_enabled=&#8221;0&#8243; global_colors_info=&#8221;{}&#8221; open=&#8221;off&#8221; sticky_enabled=&#8221;0&#8243;]Reservations must be made at least one day in advance. Availability and prices may vary depending on how far in advance the reservation is made.[\/et_pb_accordion_item][et_pb_accordion_item title=&#8221;When do we pay the rental ?&#8221; _builder_version=&#8221;4.27.4&#8243; _module_preset=&#8221;default&#8221; hover_enabled=&#8221;0&#8243; global_colors_info=&#8221;{}&#8221; open=&#8221;off&#8221; sticky_enabled=&#8221;0&#8243;]Payment is made at the time of booking. Bookings are automatically confirmed after payment.[\/et_pb_accordion_item][et_pb_accordion_item title=&#8221;Which payment methods are available?&#8221; _builder_version=&#8221;4.27.4&#8243; _module_preset=&#8221;default&#8221; hover_enabled=&#8221;0&#8243; global_colors_info=&#8221;{}&#8221; open=&#8221;off&#8221; sticky_enabled=&#8221;0&#8243;]Online payments are made by credit or debit card. For payments at the counter, you can also use cash.[\/et_pb_accordion_item][et_pb_accordion_item title=&#8221;Do I have to pay anything extra when I withdraw the money?&#8221; _builder_version=&#8221;4.27.4&#8243; _module_preset=&#8221;default&#8221; body_font=&#8221;||||||||&#8221; body_link_text_color=&#8221;#000000&#8243; hover_enabled=&#8221;0&#8243; global_colors_info=&#8221;{}&#8221; body_link_text_color__hover_enabled=&#8221;on|desktop&#8221; body_link_text_color__hover=&#8221;#F8C418&#8243; open=&#8221;off&#8221; sticky_enabled=&#8221;0&#8243;]<\/p>\n<p>You do not have to pay anything at the counter, unless you choose another extra\/service not requested at the time of booking.<\/p>\n<p>[\/et_pb_accordion_item][et_pb_accordion_item title=&#8221;Is a credit card required?&#8221; _builder_version=&#8221;4.27.4&#8243; _module_preset=&#8221;default&#8221; body_font=&#8221;||||||||&#8221; body_link_text_color=&#8221;#000000&#8243; hover_enabled=&#8221;0&#8243; global_colors_info=&#8221;{}&#8221; body_link_text_color__hover_enabled=&#8221;on|desktop&#8221; body_link_text_color__hover=&#8221;#F8C418&#8243; open=&#8221;off&#8221; sticky_enabled=&#8221;0&#8243;]A credit card is required for security deposit purposes. At the time of rental, you must present a physical Visa or MasterCard credit card in the name of the driver\/customer. American Express cards are not accepted.[\/et_pb_accordion_item][et_pb_accordion_item title=&#8221;How many people can drive the hired vehicle?&#8221; _builder_version=&#8221;4.27.4&#8243; _module_preset=&#8221;default&#8221; body_font=&#8221;||||||||&#8221; body_link_text_color=&#8221;#000000&#8243; hover_enabled=&#8221;0&#8243; global_colors_info=&#8221;{}&#8221; body_link_text_color__hover_enabled=&#8221;on|desktop&#8221; body_link_text_color__hover=&#8221;#F8C418&#8243; open=&#8221;off&#8221; sticky_enabled=&#8221;0&#8243;]A total of 3 drivers are permitted (main driver + 2 additional drivers), with each additional driver subject to an additional fee.[\/et_pb_accordion_item][et_pb_accordion_item title=&#8221;Will I be given the vehicle I have chosen?&#8221; _builder_version=&#8221;4.27.4&#8243; _module_preset=&#8221;default&#8221; body_font=&#8221;||||||||&#8221; body_link_text_color=&#8221;#000000&#8243; hover_enabled=&#8221;0&#8243; global_colors_info=&#8221;{}&#8221; body_link_text_color__hover_enabled=&#8221;on|desktop&#8221; body_link_text_color__hover=&#8221;#F8C418&#8243; open=&#8221;off&#8221; sticky_enabled=&#8221;0&#8243;]<\/p>\n<p>The chosen vehicle may be replaced by another in the same Group, with the same characteristics, or by another in a higher group.<\/p>\n<p>[\/et_pb_accordion_item][et_pb_accordion_item title=&#8221;What is the most suitable vehicle for driving in Madeira?&#8221; _builder_version=&#8221;4.27.4&#8243; _module_preset=&#8221;default&#8221; body_font=&#8221;||||||||&#8221; body_link_text_color=&#8221;#000000&#8243; hover_enabled=&#8221;0&#8243; global_colors_info=&#8221;{}&#8221; body_link_text_color__hover_enabled=&#8221;on|desktop&#8221; body_link_text_color__hover=&#8221;#F8C418&#8243; open=&#8221;off&#8221; sticky_enabled=&#8221;0&#8243;]<\/p>\n<p>We advise you to choose a vehicle that is suitable for the number of people and the routes you intend to take. The slopes and type of roads in the interior of Madeira Island can be challenging for the power of some vehicles. Choosing an automatic transmission vehicle may help more inexperienced drivers.  <\/p>\n<p>[\/et_pb_accordion_item][et_pb_accordion_item title=&#8221;What is the maximum age allowed to hire a vehicle?&#8221; _builder_version=&#8221;4.27.4&#8243; _module_preset=&#8221;default&#8221; body_font=&#8221;||||||||&#8221; body_link_text_color=&#8221;#000000&#8243; hover_enabled=&#8221;0&#8243; global_colors_info=&#8221;{}&#8221; body_link_text_color__hover_enabled=&#8221;on|desktop&#8221; body_link_text_color__hover=&#8221;#F8C418&#8243; open=&#8221;off&#8221; sticky_enabled=&#8221;0&#8243;]There is no maximum age, but the minimum age is 23. However, there are restrictions on reduced excess insurance (SCDW), which is only available to drivers aged between 26 and 75.[\/et_pb_accordion_item][et_pb_accordion_item title=&#8221;Do I need an identification document (ID card\/passport)?&#8221; _builder_version=&#8221;4.27.4&#8243; _module_preset=&#8221;default&#8221; body_font=&#8221;||||||||&#8221; body_link_text_color=&#8221;#000000&#8243; hover_enabled=&#8221;0&#8243; global_colors_info=&#8221;{}&#8221; body_link_text_color__hover_enabled=&#8221;on|desktop&#8221; body_link_text_color__hover=&#8221;#F8C418&#8243; open=&#8221;off&#8221; sticky_enabled=&#8221;0&#8243;]Yes, all drivers (main and additional) must present a valid ID and their original, valid driving licence at the time of collection.[\/et_pb_accordion_item][et_pb_accordion_item title=&#8221;What should I do in the event of a breakdown or accident?&#8221; _builder_version=&#8221;4.27.4&#8243; _module_preset=&#8221;default&#8221; hover_enabled=&#8221;0&#8243; sticky_enabled=&#8221;0&#8243;]<\/p>\n<p>You should contact Rodavante immediately and, in the event of an accident, always contact the local police authorities to obtain a report. Never leave the scene without a report or a written statement describing the accident and signed by both parties. Clear photographs of the accident are essential.  <\/p>\n<p>[\/et_pb_accordion_item][et_pb_accordion_item title=&#8221;What happens if you lose your vehicle keys?&#8221; _builder_version=&#8221;4.27.4&#8243; _module_preset=&#8221;default&#8221; hover_enabled=&#8221;0&#8243; sticky_enabled=&#8221;0&#8243;]<\/p>\n<p>The loss or damage of vehicle keys is not covered by any insurance, and the customer will be <strong>fully responsible<\/strong> for the cost of replacement, which can be high, and for the immobilisation of the vehicle. You must contact Rodavante immediately. <\/p>\n<p>[\/et_pb_accordion_item][et_pb_accordion_item title=&#8221;Is it necessary to return the vehicle clean?&#8221; _builder_version=&#8221;4.27.4&#8243; _module_preset=&#8221;default&#8221; hover_enabled=&#8221;0&#8243; sticky_enabled=&#8221;0&#8243;]The vehicle must be returned in a reasonably clean condition. In the event of excessive or unreasonable dirt (e.g. tobacco smell, animal hair, difficult-to-remove stains, footprints or mud), an extra fee will be charged to cover professional cleaning.[\/et_pb_accordion_item][et_pb_accordion_item title=&#8221;May I smoke inside the car or transport animals?&#8221; _builder_version=&#8221;4.27.4&#8243; _module_preset=&#8221;default&#8221; hover_enabled=&#8221;0&#8243; sticky_enabled=&#8221;0&#8243;]No. Smoking inside the car and transporting animals are strictly prohibited under the terms of hire and will incur a high cleaning fee.[\/et_pb_accordion_item][et_pb_accordion_item title=&#8221;When is the security deposit returned?&#8221; _builder_version=&#8221;4.27.4&#8243; _module_preset=&#8221;default&#8221; hover_enabled=&#8221;0&#8243; sticky_enabled=&#8221;0&#8243;]The security deposit is released after the vehicle is returned and inspected (usually within 24-48 hours). The time it takes for the amount to appear in the account depends on the bank&#8217;s policy.[\/et_pb_accordion_item][et_pb_accordion_item title=&#8221;How to get a copy of the invoice?&#8221; _builder_version=&#8221;4.27.4&#8243; _module_preset=&#8221;default&#8221; hover_enabled=&#8221;0&#8243; sticky_enabled=&#8221;0&#8243;]<\/p>\n<p>The final invoice will be sent by email. If the invoice should be in the name of another entity, inform us when signing the contract. <\/p>\n<p>[\/et_pb_accordion_item][et_pb_accordion_item title=&#8221;What happens if there&apos;s a traffic or parking fine?&#8221; _builder_version=&#8221;4.27.4&#8243; _module_preset=&#8221;default&#8221; hover_enabled=&#8221;0&#8243; sticky_enabled=&#8221;0&#8243;]Traffic and parking fines are the client&#8217;s responsibility. Rodavante will identify the driver to the authorities and may charge an administrative fee.[\/et_pb_accordion_item][\/et_pb_accordion][\/et_pb_column][\/et_pb_row][\/et_pb_section]<\/p>\n","protected":false},"excerpt":{"rendered":"<p>Your Questions answeredHere you will be able to find the answers to the doubts more placed by our customers and users in our site.The airport counters are located in the Arrivals Hall, just after baggage reclaim.A cota\u00e7\u00e3o online, inclui o Valor do aluguer, Seguros Resp. civil, Seguro de Colis\u00e3o -CDW (Sujeito a uma franquia), Taxas [&hellip;]<\/p>\n","protected":false},"author":1,"featured_media":0,"parent":0,"menu_order":0,"comment_status":"closed","ping_status":"closed","template":"","meta":{"_et_pb_use_builder":"on","_et_pb_old_content":"","_et_gb_content_width":"","footnotes":""},"class_list":["post-137","page","type-page","status-publish","hentry"],"yoast_head":"<!-- This site is optimized with the Yoast SEO plugin v27.4 - https:\/\/yoast.com\/product\/yoast-seo-wordpress\/ -->\n<title>FAQ - Rodavante Rent a Car<\/title>\n<meta name=\"robots\" content=\"index, follow, max-snippet:-1, max-image-preview:large, max-video-preview:-1\" \/>\n<link rel=\"canonical\" href=\"https:\/\/rodavante.com\/en\/faq\/\" \/>\n<meta property=\"og:locale\" content=\"en_US\" \/>\n<meta property=\"og:type\" content=\"article\" \/>\n<meta property=\"og:title\" content=\"FAQ - Rodavante Rent a Car\" \/>\n<meta property=\"og:description\" content=\"Your Questions answeredHere you will be able to find the answers to the doubts more placed by our customers and users in our site.The airport counters are located in the Arrivals Hall, just after baggage reclaim.A cota\u00e7\u00e3o online, inclui o Valor do aluguer, Seguros Resp. civil, Seguro de Colis\u00e3o -CDW (Sujeito a uma franquia), Taxas [&hellip;]\" \/>\n<meta property=\"og:url\" content=\"https:\/\/rodavante.com\/en\/faq\/\" \/>\n<meta property=\"og:site_name\" content=\"Rodavante Rent a Car\" \/>\n<meta property=\"article:publisher\" content=\"https:\/\/www.facebook.com\/rodavante\" \/>\n<meta property=\"article:modified_time\" content=\"2025-11-27T12:04:52+00:00\" \/>\n<meta name=\"twitter:card\" content=\"summary_large_image\" \/>\n<meta name=\"twitter:label1\" content=\"Est. reading time\" \/>\n\t<meta name=\"twitter:data1\" content=\"8 minutes\" \/>\n<script type=\"application\/ld+json\" class=\"yoast-schema-graph\">{\"@context\":\"https:\\\/\\\/schema.org\",\"@graph\":[{\"@type\":\"WebPage\",\"@id\":\"https:\\\/\\\/rodavante.com\\\/en\\\/faq\\\/\",\"url\":\"https:\\\/\\\/rodavante.com\\\/en\\\/faq\\\/\",\"name\":\"FAQ - Rodavante Rent a Car\",\"isPartOf\":{\"@id\":\"https:\\\/\\\/rodavante.com\\\/en\\\/#website\"},\"datePublished\":\"2025-10-03T15:56:59+00:00\",\"dateModified\":\"2025-11-27T12:04:52+00:00\",\"breadcrumb\":{\"@id\":\"https:\\\/\\\/rodavante.com\\\/en\\\/faq\\\/#breadcrumb\"},\"inLanguage\":\"en-US\",\"potentialAction\":[{\"@type\":\"ReadAction\",\"target\":[\"https:\\\/\\\/rodavante.com\\\/en\\\/faq\\\/\"]}]},{\"@type\":\"BreadcrumbList\",\"@id\":\"https:\\\/\\\/rodavante.com\\\/en\\\/faq\\\/#breadcrumb\",\"itemListElement\":[{\"@type\":\"ListItem\",\"position\":1,\"name\":\"In\u00edcio\",\"item\":\"https:\\\/\\\/rodavante.com\\\/en\\\/home\\\/\"},{\"@type\":\"ListItem\",\"position\":2,\"name\":\"FAQ\"}]},{\"@type\":\"WebSite\",\"@id\":\"https:\\\/\\\/rodavante.com\\\/en\\\/#website\",\"url\":\"https:\\\/\\\/rodavante.com\\\/en\\\/\",\"name\":\"Rodavante Rent a Car\",\"description\":\"Madeira . Porto Santo . Lisboa\",\"publisher\":{\"@id\":\"https:\\\/\\\/rodavante.com\\\/en\\\/#organization\"},\"potentialAction\":[{\"@type\":\"SearchAction\",\"target\":{\"@type\":\"EntryPoint\",\"urlTemplate\":\"https:\\\/\\\/rodavante.com\\\/en\\\/?s={search_term_string}\"},\"query-input\":{\"@type\":\"PropertyValueSpecification\",\"valueRequired\":true,\"valueName\":\"search_term_string\"}}],\"inLanguage\":\"en-US\"},{\"@type\":\"Organization\",\"@id\":\"https:\\\/\\\/rodavante.com\\\/en\\\/#organization\",\"name\":\"Rodavante Rent a Car\",\"url\":\"https:\\\/\\\/rodavante.com\\\/en\\\/\",\"logo\":{\"@type\":\"ImageObject\",\"inLanguage\":\"en-US\",\"@id\":\"https:\\\/\\\/rodavante.com\\\/en\\\/#\\\/schema\\\/logo\\\/image\\\/\",\"url\":\"https:\\\/\\\/rodavante.com\\\/wp-content\\\/uploads\\\/2025\\\/10\\\/logo_desde.png\",\"contentUrl\":\"https:\\\/\\\/rodavante.com\\\/wp-content\\\/uploads\\\/2025\\\/10\\\/logo_desde.png\",\"width\":944,\"height\":189,\"caption\":\"Rodavante Rent a Car\"},\"image\":{\"@id\":\"https:\\\/\\\/rodavante.com\\\/en\\\/#\\\/schema\\\/logo\\\/image\\\/\"},\"sameAs\":[\"https:\\\/\\\/www.facebook.com\\\/rodavante\",\"https:\\\/\\\/www.instagram.com\\\/rodavante\"]}]}<\/script>\n<!-- \/ Yoast SEO plugin. -->","yoast_head_json":{"title":"FAQ - Rodavante Rent a Car","robots":{"index":"index","follow":"follow","max-snippet":"max-snippet:-1","max-image-preview":"max-image-preview:large","max-video-preview":"max-video-preview:-1"},"canonical":"https:\/\/rodavante.com\/en\/faq\/","og_locale":"en_US","og_type":"article","og_title":"FAQ - Rodavante Rent a Car","og_description":"Your Questions answeredHere you will be able to find the answers to the doubts more placed by our customers and users in our site.The airport counters are located in the Arrivals Hall, just after baggage reclaim.A cota\u00e7\u00e3o online, inclui o Valor do aluguer, Seguros Resp. civil, Seguro de Colis\u00e3o -CDW (Sujeito a uma franquia), Taxas [&hellip;]","og_url":"https:\/\/rodavante.com\/en\/faq\/","og_site_name":"Rodavante Rent a Car","article_publisher":"https:\/\/www.facebook.com\/rodavante","article_modified_time":"2025-11-27T12:04:52+00:00","twitter_card":"summary_large_image","twitter_misc":{"Est. reading time":"8 minutes"},"schema":{"@context":"https:\/\/schema.org","@graph":[{"@type":"WebPage","@id":"https:\/\/rodavante.com\/en\/faq\/","url":"https:\/\/rodavante.com\/en\/faq\/","name":"FAQ - Rodavante Rent a Car","isPartOf":{"@id":"https:\/\/rodavante.com\/en\/#website"},"datePublished":"2025-10-03T15:56:59+00:00","dateModified":"2025-11-27T12:04:52+00:00","breadcrumb":{"@id":"https:\/\/rodavante.com\/en\/faq\/#breadcrumb"},"inLanguage":"en-US","potentialAction":[{"@type":"ReadAction","target":["https:\/\/rodavante.com\/en\/faq\/"]}]},{"@type":"BreadcrumbList","@id":"https:\/\/rodavante.com\/en\/faq\/#breadcrumb","itemListElement":[{"@type":"ListItem","position":1,"name":"In\u00edcio","item":"https:\/\/rodavante.com\/en\/home\/"},{"@type":"ListItem","position":2,"name":"FAQ"}]},{"@type":"WebSite","@id":"https:\/\/rodavante.com\/en\/#website","url":"https:\/\/rodavante.com\/en\/","name":"Rodavante Rent a Car","description":"Madeira . Porto Santo . Lisboa","publisher":{"@id":"https:\/\/rodavante.com\/en\/#organization"},"potentialAction":[{"@type":"SearchAction","target":{"@type":"EntryPoint","urlTemplate":"https:\/\/rodavante.com\/en\/?s={search_term_string}"},"query-input":{"@type":"PropertyValueSpecification","valueRequired":true,"valueName":"search_term_string"}}],"inLanguage":"en-US"},{"@type":"Organization","@id":"https:\/\/rodavante.com\/en\/#organization","name":"Rodavante Rent a Car","url":"https:\/\/rodavante.com\/en\/","logo":{"@type":"ImageObject","inLanguage":"en-US","@id":"https:\/\/rodavante.com\/en\/#\/schema\/logo\/image\/","url":"https:\/\/rodavante.com\/wp-content\/uploads\/2025\/10\/logo_desde.png","contentUrl":"https:\/\/rodavante.com\/wp-content\/uploads\/2025\/10\/logo_desde.png","width":944,"height":189,"caption":"Rodavante Rent a Car"},"image":{"@id":"https:\/\/rodavante.com\/en\/#\/schema\/logo\/image\/"},"sameAs":["https:\/\/www.facebook.com\/rodavante","https:\/\/www.instagram.com\/rodavante"]}]}},"_links":{"self":[{"href":"https:\/\/rodavante.com\/en\/wp-json\/wp\/v2\/pages\/137","targetHints":{"allow":["GET"]}}],"collection":[{"href":"https:\/\/rodavante.com\/en\/wp-json\/wp\/v2\/pages"}],"about":[{"href":"https:\/\/rodavante.com\/en\/wp-json\/wp\/v2\/types\/page"}],"author":[{"embeddable":true,"href":"https:\/\/rodavante.com\/en\/wp-json\/wp\/v2\/users\/1"}],"replies":[{"embeddable":true,"href":"https:\/\/rodavante.com\/en\/wp-json\/wp\/v2\/comments?post=137"}],"version-history":[{"count":4,"href":"https:\/\/rodavante.com\/en\/wp-json\/wp\/v2\/pages\/137\/revisions"}],"predecessor-version":[{"id":229,"href":"https:\/\/rodavante.com\/en\/wp-json\/wp\/v2\/pages\/137\/revisions\/229"}],"wp:attachment":[{"href":"https:\/\/rodavante.com\/en\/wp-json\/wp\/v2\/media?parent=137"}],"curies":[{"name":"wp","href":"https:\/\/api.w.org\/{rel}","templated":true}]}}